{"id":103,"date":"2016-06-07T15:30:03","date_gmt":"2016-06-07T15:30:03","guid":{"rendered":"https:\/\/www.hradeckych.cz\/?page_id=103"},"modified":"2018-12-03T05:55:29","modified_gmt":"2018-12-03T05:55:29","slug":"fotogalerie","status":"publish","type":"page","link":"https:\/\/www.hradeckych.cz\/cs\/fotogalerie\/","title":{"rendered":"Fotogalerie"},"content":{"rendered":"<p><!-- default-view.php -->\n<div\n\tclass=\"ngg-galleryoverview default-view\n\t ngg-ajax-pagination-none\t\"\n\tid=\"ngg-gallery-d23f9a0a00add64f821085166238489d-1\"\n\tdata-nextgen-gallery-id=\"1\"\n\tdata-gallery-id=\"1\"\n\t\tdata-gallery-name=\"Hradeckych\"\n\t>\n\n\t\t<!-- Thumbnails -->\n\t\t\t\t<div id=\"ngg-image-0\" class=\"ngg-gallery-thumbnail-box\n\t\t\t\t\t\t\t\t\t\t\t\"\n\t\t\t>\n\t\t\t\t\t\t<div class=\"ngg-gallery-thumbnail\">\n\t\t<a href=\"https:\/\/www.hradeckych.cz\/wp-content\/gallery\/Hradeckych\/Hradeckych.cz_1_outdoor_1.jpg?t=1488460035\"\n\t\t\ttitle=\"\"\n\t\t\tdata-src=\"https:\/\/www.hradeckych.cz\/wp-content\/gallery\/Hradeckych\/Hradeckych.cz_1_outdoor_1.jpg?t=1488460035\"\n\t\t\tdata-thumbnail=\"https:\/\/www.hradeckych.cz\/wp-content\/gallery\/Hradeckych\/thumbs\/thumbs_Hradeckych.cz_1_outdoor_1.jpg?t=1488460035\"\n\t\t\tdata-image-id=\"15\"\n\t\t\tdata-image-name=\"Hradeckych.cz_1_outdoor_1.jpg\"\n\t\t\tdata-title=\"Hradeckych.cz_1_outdoor_1\"\n\t\t\tdata-description=\"\"\n\t\t\tdata-image-slug=\"hradeckych-cz_1_outdoor_1\"\n\t\t\t\t\t\t\t\t\t\t\t\t\t\t\t\t\t\t\t\tclass=\"ngg-fancybox\" rel=\"d23f9a0a00add64f821085166238489d\">\n\t\t\t\t\t\t\t\t<img\n\t\t\t\t\ttitle=\"Hradeckych.cz_1_outdoor_1\"\n\t\t\t\t\talt=\"Hradeckych.cz_1_outdoor_1\"\n\t\t\t\t\tsrc=\"https:\/\/www.hradeckych.cz\/wp-content\/gallery\/Hradeckych\/thumbs\/thumbs_Hradeckych.cz_1_outdoor_1.jpg?t=1488460035\"\n\t\t\t\t\twidth=\"240\"\n\t\t\t\t\theight=\"160\"\n\t\t\t\t\tstyle=\"max-width:100%;\"\n\t\t\t\t\/>\n\t\t\t<\/a>\n\t\t<\/div>\n\t\t\t\t\t\t\t<\/div>\n\t\t\t\n\t\t\t\t<div id=\"ngg-image-1\" class=\"ngg-gallery-thumbnail-box\n\t\t\t\t\t\t\t\t\t\t\t\"\n\t\t\t>\n\t\t\t\t\t\t<div class=\"ngg-gallery-thumbnail\">\n\t\t<a href=\"https:\/\/www.hradeckych.cz\/wp-content\/gallery\/Hradeckych\/Hradeckych.cz_1_outdoor_2.jpg?t=1465316591\"\n\t\t\ttitle=\"\"\n\t\t\tdata-src=\"https:\/\/www.hradeckych.cz\/wp-content\/gallery\/Hradeckych\/Hradeckych.cz_1_outdoor_2.jpg?t=1465316591\"\n\t\t\tdata-thumbnail=\"https:\/\/www.hradeckych.cz\/wp-content\/gallery\/Hradeckych\/thumbs\/thumbs_Hradeckych.cz_1_outdoor_2.jpg?t=1465316591\"\n\t\t\tdata-image-id=\"16\"\n\t\t\tdata-image-name=\"Hradeckych.cz_1_outdoor_2.jpg\"\n\t\t\tdata-title=\"Hradeckych.cz_1_outdoor_2\"\n\t\t\tdata-description=\"\"\n\t\t\tdata-image-slug=\"hradeckych-cz_1_outdoor_2\"\n\t\t\t\t\t\t\t\t\t\t\t\t\t\t\t\t\t\t\t\tclass=\"ngg-fancybox\" rel=\"d23f9a0a00add64f821085166238489d\">\n\t\t\t\t\t\t\t\t<img\n\t\t\t\t\ttitle=\"Hradeckych.cz_1_outdoor_2\"\n\t\t\t\t\talt=\"Hradeckych.cz_1_outdoor_2\"\n\t\t\t\t\tsrc=\"https:\/\/www.hradeckych.cz\/wp-content\/gallery\/Hradeckych\/thumbs\/thumbs_Hradeckych.cz_1_outdoor_2.jpg?t=1465316591\"\n\t\t\t\t\twidth=\"240\"\n\t\t\t\t\theight=\"160\"\n\t\t\t\t\tstyle=\"max-width:100%;\"\n\t\t\t\t\/>\n\t\t\t<\/a>\n\t\t<\/div>\n\t\t\t\t\t\t\t<\/div>\n\t\t\t\n\t\t\t\t<div id=\"ngg-image-2\" class=\"ngg-gallery-thumbnail-box\n\t\t\t\t\t\t\t\t\t\t\t\"\n\t\t\t>\n\t\t\t\t\t\t<div class=\"ngg-gallery-thumbnail\">\n\t\t<a href=\"https:\/\/www.hradeckych.cz\/wp-content\/gallery\/Hradeckych\/Hradeckych.cz_1_outdoor_3.jpg?t=1465316592\"\n\t\t\ttitle=\"\"\n\t\t\tdata-src=\"https:\/\/www.hradeckych.cz\/wp-content\/gallery\/Hradeckych\/Hradeckych.cz_1_outdoor_3.jpg?t=1465316592\"\n\t\t\tdata-thumbnail=\"https:\/\/www.hradeckych.cz\/wp-content\/gallery\/Hradeckych\/thumbs\/thumbs_Hradeckych.cz_1_outdoor_3.jpg?t=1465316592\"\n\t\t\tdata-image-id=\"17\"\n\t\t\tdata-image-name=\"Hradeckych.cz_1_outdoor_3.jpg\"\n\t\t\tdata-title=\"Hradeckych.cz_1_outdoor_3\"\n\t\t\tdata-description=\"\"\n\t\t\tdata-image-slug=\"hradeckych-cz_1_outdoor_3\"\n\t\t\t\t\t\t\t\t\t\t\t\t\t\t\t\t\t\t\t\tclass=\"ngg-fancybox\" rel=\"d23f9a0a00add64f821085166238489d\">\n\t\t\t\t\t\t\t\t<img\n\t\t\t\t\ttitle=\"Hradeckych.cz_1_outdoor_3\"\n\t\t\t\t\talt=\"Hradeckych.cz_1_outdoor_3\"\n\t\t\t\t\tsrc=\"https:\/\/www.hradeckych.cz\/wp-content\/gallery\/Hradeckych\/thumbs\/thumbs_Hradeckych.cz_1_outdoor_3.jpg?t=1465316592\"\n\t\t\t\t\twidth=\"240\"\n\t\t\t\t\theight=\"160\"\n\t\t\t\t\tstyle=\"max-width:100%;\"\n\t\t\t\t\/>\n\t\t\t<\/a>\n\t\t<\/div>\n\t\t\t\t\t\t\t<\/div>\n\t\t\t\n\t\t\t\t<div id=\"ngg-image-3\" class=\"ngg-gallery-thumbnail-box\n\t\t\t\t\t\t\t\t\t\t\t\"\n\t\t\t>\n\t\t\t\t\t\t<div class=\"ngg-gallery-thumbnail\">\n\t\t<a href=\"https:\/\/www.hradeckych.cz\/wp-content\/gallery\/Hradeckych\/Hradeckych.cz_1_outdoor_4.jpg?t=1465316594\"\n\t\t\ttitle=\"\"\n\t\t\tdata-src=\"https:\/\/www.hradeckych.cz\/wp-content\/gallery\/Hradeckych\/Hradeckych.cz_1_outdoor_4.jpg?t=1465316594\"\n\t\t\tdata-thumbnail=\"https:\/\/www.hradeckych.cz\/wp-content\/gallery\/Hradeckych\/thumbs\/thumbs_Hradeckych.cz_1_outdoor_4.jpg?t=1465316594\"\n\t\t\tdata-image-id=\"18\"\n\t\t\tdata-image-name=\"Hradeckych.cz_1_outdoor_4.jpg\"\n\t\t\tdata-title=\"Hradeckych.cz_1_outdoor_4\"\n\t\t\tdata-description=\"\"\n\t\t\tdata-image-slug=\"hradeckych-cz_1_outdoor_4\"\n\t\t\t\t\t\t\t\t\t\t\t\t\t\t\t\t\t\t\t\tclass=\"ngg-fancybox\" rel=\"d23f9a0a00add64f821085166238489d\">\n\t\t\t\t\t\t\t\t<img\n\t\t\t\t\ttitle=\"Hradeckych.cz_1_outdoor_4\"\n\t\t\t\t\talt=\"Hradeckych.cz_1_outdoor_4\"\n\t\t\t\t\tsrc=\"https:\/\/www.hradeckych.cz\/wp-content\/gallery\/Hradeckych\/thumbs\/thumbs_Hradeckych.cz_1_outdoor_4.jpg?t=1465316594\"\n\t\t\t\t\twidth=\"240\"\n\t\t\t\t\theight=\"160\"\n\t\t\t\t\tstyle=\"max-width:100%;\"\n\t\t\t\t\/>\n\t\t\t<\/a>\n\t\t<\/div>\n\t\t\t\t\t\t\t<\/div>\n\t\t\t\n\t\t\t\t<div id=\"ngg-image-4\" class=\"ngg-gallery-thumbnail-box\n\t\t\t\t\t\t\t\t\t\t\t\"\n\t\t\t>\n\t\t\t\t\t\t<div class=\"ngg-gallery-thumbnail\">\n\t\t<a href=\"https:\/\/www.hradeckych.cz\/wp-content\/gallery\/Hradeckych\/Hradeckych.cz_1_outdoor_5.jpg?t=1465316596\"\n\t\t\ttitle=\"\"\n\t\t\tdata-src=\"https:\/\/www.hradeckych.cz\/wp-content\/gallery\/Hradeckych\/Hradeckych.cz_1_outdoor_5.jpg?t=1465316596\"\n\t\t\tdata-thumbnail=\"https:\/\/www.hradeckych.cz\/wp-content\/gallery\/Hradeckych\/thumbs\/thumbs_Hradeckych.cz_1_outdoor_5.jpg?t=1465316596\"\n\t\t\tdata-image-id=\"19\"\n\t\t\tdata-image-name=\"Hradeckych.cz_1_outdoor_5.jpg\"\n\t\t\tdata-title=\"Hradeckych.cz_1_outdoor_5\"\n\t\t\tdata-description=\"\"\n\t\t\tdata-image-slug=\"hradeckych-cz_1_outdoor_5\"\n\t\t\t\t\t\t\t\t\t\t\t\t\t\t\t\t\t\t\t\tclass=\"ngg-fancybox\" rel=\"d23f9a0a00add64f821085166238489d\">\n\t\t\t\t\t\t\t\t<img\n\t\t\t\t\ttitle=\"Hradeckych.cz_1_outdoor_5\"\n\t\t\t\t\talt=\"Hradeckych.cz_1_outdoor_5\"\n\t\t\t\t\tsrc=\"https:\/\/www.hradeckych.cz\/wp-content\/gallery\/Hradeckych\/thumbs\/thumbs_Hradeckych.cz_1_outdoor_5.jpg?t=1465316596\"\n\t\t\t\t\twidth=\"240\"\n\t\t\t\t\theight=\"160\"\n\t\t\t\t\tstyle=\"max-width:100%;\"\n\t\t\t\t\/>\n\t\t\t<\/a>\n\t\t<\/div>\n\t\t\t\t\t\t\t<\/div>\n\t\t\t\n\t\t\t\t<div id=\"ngg-image-5\" class=\"ngg-gallery-thumbnail-box\n\t\t\t\t\t\t\t\t\t\t\t\"\n\t\t\t>\n\t\t\t\t\t\t<div class=\"ngg-gallery-thumbnail\">\n\t\t<a href=\"https:\/\/www.hradeckych.cz\/wp-content\/gallery\/Hradeckych\/Hradeckych.cz_1_outdoor_6.jpg?t=1465316597\"\n\t\t\ttitle=\"\"\n\t\t\tdata-src=\"https:\/\/www.hradeckych.cz\/wp-content\/gallery\/Hradeckych\/Hradeckych.cz_1_outdoor_6.jpg?t=1465316597\"\n\t\t\tdata-thumbnail=\"https:\/\/www.hradeckych.cz\/wp-content\/gallery\/Hradeckych\/thumbs\/thumbs_Hradeckych.cz_1_outdoor_6.jpg?t=1465316597\"\n\t\t\tdata-image-id=\"20\"\n\t\t\tdata-image-name=\"Hradeckych.cz_1_outdoor_6.jpg\"\n\t\t\tdata-title=\"Hradeckych.cz_1_outdoor_6\"\n\t\t\tdata-description=\"\"\n\t\t\tdata-image-slug=\"hradeckych-cz_1_outdoor_6\"\n\t\t\t\t\t\t\t\t\t\t\t\t\t\t\t\t\t\t\t\tclass=\"ngg-fancybox\" rel=\"d23f9a0a00add64f821085166238489d\">\n\t\t\t\t\t\t\t\t<img\n\t\t\t\t\ttitle=\"Hradeckych.cz_1_outdoor_6\"\n\t\t\t\t\talt=\"Hradeckych.cz_1_outdoor_6\"\n\t\t\t\t\tsrc=\"https:\/\/www.hradeckych.cz\/wp-content\/gallery\/Hradeckych\/thumbs\/thumbs_Hradeckych.cz_1_outdoor_6.jpg?t=1465316597\"\n\t\t\t\t\twidth=\"240\"\n\t\t\t\t\theight=\"160\"\n\t\t\t\t\tstyle=\"max-width:100%;\"\n\t\t\t\t\/>\n\t\t\t<\/a>\n\t\t<\/div>\n\t\t\t\t\t\t\t<\/div>\n\t\t\t\n\t\t\t\t<div id=\"ngg-image-6\" class=\"ngg-gallery-thumbnail-box\n\t\t\t\t\t\t\t\t\t\t\t\"\n\t\t\t>\n\t\t\t\t\t\t<div class=\"ngg-gallery-thumbnail\">\n\t\t<a href=\"https:\/\/www.hradeckych.cz\/wp-content\/gallery\/Hradeckych\/Hradeckych.cz_2_plans.jpg?t=1465316598\"\n\t\t\ttitle=\"\"\n\t\t\tdata-src=\"https:\/\/www.hradeckych.cz\/wp-content\/gallery\/Hradeckych\/Hradeckych.cz_2_plans.jpg?t=1465316598\"\n\t\t\tdata-thumbnail=\"https:\/\/www.hradeckych.cz\/wp-content\/gallery\/Hradeckych\/thumbs\/thumbs_Hradeckych.cz_2_plans.jpg?t=1465316598\"\n\t\t\tdata-image-id=\"21\"\n\t\t\tdata-image-name=\"Hradeckych.cz_2_plans.jpg\"\n\t\t\tdata-title=\"Hradeckych.cz_2_plans\"\n\t\t\tdata-description=\"\"\n\t\t\tdata-image-slug=\"hradeckych-cz_2_plans\"\n\t\t\t\t\t\t\t\t\t\t\t\t\t\t\t\t\t\t\t\tclass=\"ngg-fancybox\" rel=\"d23f9a0a00add64f821085166238489d\">\n\t\t\t\t\t\t\t\t<img\n\t\t\t\t\ttitle=\"Hradeckych.cz_2_plans\"\n\t\t\t\t\talt=\"Hradeckych.cz_2_plans\"\n\t\t\t\t\tsrc=\"https:\/\/www.hradeckych.cz\/wp-content\/gallery\/Hradeckych\/thumbs\/thumbs_Hradeckych.cz_2_plans.jpg?t=1465316598\"\n\t\t\t\t\twidth=\"240\"\n\t\t\t\t\theight=\"160\"\n\t\t\t\t\tstyle=\"max-width:100%;\"\n\t\t\t\t\/>\n\t\t\t<\/a>\n\t\t<\/div>\n\t\t\t\t\t\t\t<\/div>\n\t\t\t\n\t\t\t\t<div id=\"ngg-image-7\" class=\"ngg-gallery-thumbnail-box\n\t\t\t\t\t\t\t\t\t\t\t\"\n\t\t\t>\n\t\t\t\t\t\t<div class=\"ngg-gallery-thumbnail\">\n\t\t<a href=\"https:\/\/www.hradeckych.cz\/wp-content\/gallery\/Hradeckych\/Hradeckych.cz_3_indoor_bathroom1.jpg?t=1465316600\"\n\t\t\ttitle=\"\"\n\t\t\tdata-src=\"https:\/\/www.hradeckych.cz\/wp-content\/gallery\/Hradeckych\/Hradeckych.cz_3_indoor_bathroom1.jpg?t=1465316600\"\n\t\t\tdata-thumbnail=\"https:\/\/www.hradeckych.cz\/wp-content\/gallery\/Hradeckych\/thumbs\/thumbs_Hradeckych.cz_3_indoor_bathroom1.jpg?t=1465316600\"\n\t\t\tdata-image-id=\"22\"\n\t\t\tdata-image-name=\"Hradeckych.cz_3_indoor_bathroom1.jpg\"\n\t\t\tdata-title=\"Hradeckych.cz_3_indoor_bathroom1\"\n\t\t\tdata-description=\"\"\n\t\t\tdata-image-slug=\"hradeckych-cz_3_indoor_bathroom1\"\n\t\t\t\t\t\t\t\t\t\t\t\t\t\t\t\t\t\t\t\tclass=\"ngg-fancybox\" rel=\"d23f9a0a00add64f821085166238489d\">\n\t\t\t\t\t\t\t\t<img\n\t\t\t\t\ttitle=\"Hradeckych.cz_3_indoor_bathroom1\"\n\t\t\t\t\talt=\"Hradeckych.cz_3_indoor_bathroom1\"\n\t\t\t\t\tsrc=\"https:\/\/www.hradeckych.cz\/wp-content\/gallery\/Hradeckych\/thumbs\/thumbs_Hradeckych.cz_3_indoor_bathroom1.jpg?t=1465316600\"\n\t\t\t\t\twidth=\"240\"\n\t\t\t\t\theight=\"160\"\n\t\t\t\t\tstyle=\"max-width:100%;\"\n\t\t\t\t\/>\n\t\t\t<\/a>\n\t\t<\/div>\n\t\t\t\t\t\t\t<\/div>\n\t\t\t\n\t\t\t\t<div id=\"ngg-image-8\" class=\"ngg-gallery-thumbnail-box\n\t\t\t\t\t\t\t\t\t\t\t\"\n\t\t\t>\n\t\t\t\t\t\t<div class=\"ngg-gallery-thumbnail\">\n\t\t<a href=\"https:\/\/www.hradeckych.cz\/wp-content\/gallery\/Hradeckych\/Hradeckych.cz_3_indoor_bathroom2.jpg?t=1465316601\"\n\t\t\ttitle=\"\"\n\t\t\tdata-src=\"https:\/\/www.hradeckych.cz\/wp-content\/gallery\/Hradeckych\/Hradeckych.cz_3_indoor_bathroom2.jpg?t=1465316601\"\n\t\t\tdata-thumbnail=\"https:\/\/www.hradeckych.cz\/wp-content\/gallery\/Hradeckych\/thumbs\/thumbs_Hradeckych.cz_3_indoor_bathroom2.jpg?t=1465316601\"\n\t\t\tdata-image-id=\"23\"\n\t\t\tdata-image-name=\"Hradeckych.cz_3_indoor_bathroom2.jpg\"\n\t\t\tdata-title=\"Hradeckych.cz_3_indoor_bathroom2\"\n\t\t\tdata-description=\"\"\n\t\t\tdata-image-slug=\"hradeckych-cz_3_indoor_bathroom2\"\n\t\t\t\t\t\t\t\t\t\t\t\t\t\t\t\t\t\t\t\tclass=\"ngg-fancybox\" rel=\"d23f9a0a00add64f821085166238489d\">\n\t\t\t\t\t\t\t\t<img\n\t\t\t\t\ttitle=\"Hradeckych.cz_3_indoor_bathroom2\"\n\t\t\t\t\talt=\"Hradeckych.cz_3_indoor_bathroom2\"\n\t\t\t\t\tsrc=\"https:\/\/www.hradeckych.cz\/wp-content\/gallery\/Hradeckych\/thumbs\/thumbs_Hradeckych.cz_3_indoor_bathroom2.jpg?t=1465316601\"\n\t\t\t\t\twidth=\"240\"\n\t\t\t\t\theight=\"160\"\n\t\t\t\t\tstyle=\"max-width:100%;\"\n\t\t\t\t\/>\n\t\t\t<\/a>\n\t\t<\/div>\n\t\t\t\t\t\t\t<\/div>\n\t\t\t\n\t\t\t\t<div id=\"ngg-image-9\" class=\"ngg-gallery-thumbnail-box\n\t\t\t\t\t\t\t\t\t\t\t\"\n\t\t\t>\n\t\t\t\t\t\t<div class=\"ngg-gallery-thumbnail\">\n\t\t<a href=\"https:\/\/www.hradeckych.cz\/wp-content\/gallery\/Hradeckych\/Hradeckych.cz_3_indoor_bedroom1.jpg?t=1465316602\"\n\t\t\ttitle=\"\"\n\t\t\tdata-src=\"https:\/\/www.hradeckych.cz\/wp-content\/gallery\/Hradeckych\/Hradeckych.cz_3_indoor_bedroom1.jpg?t=1465316602\"\n\t\t\tdata-thumbnail=\"https:\/\/www.hradeckych.cz\/wp-content\/gallery\/Hradeckych\/thumbs\/thumbs_Hradeckych.cz_3_indoor_bedroom1.jpg?t=1465316602\"\n\t\t\tdata-image-id=\"24\"\n\t\t\tdata-image-name=\"Hradeckych.cz_3_indoor_bedroom1.jpg\"\n\t\t\tdata-title=\"Hradeckych.cz_3_indoor_bedroom1\"\n\t\t\tdata-description=\"\"\n\t\t\tdata-image-slug=\"hradeckych-cz_3_indoor_bedroom1\"\n\t\t\t\t\t\t\t\t\t\t\t\t\t\t\t\t\t\t\t\tclass=\"ngg-fancybox\" rel=\"d23f9a0a00add64f821085166238489d\">\n\t\t\t\t\t\t\t\t<img\n\t\t\t\t\ttitle=\"Hradeckych.cz_3_indoor_bedroom1\"\n\t\t\t\t\talt=\"Hradeckych.cz_3_indoor_bedroom1\"\n\t\t\t\t\tsrc=\"https:\/\/www.hradeckych.cz\/wp-content\/gallery\/Hradeckych\/thumbs\/thumbs_Hradeckych.cz_3_indoor_bedroom1.jpg?t=1465316602\"\n\t\t\t\t\twidth=\"240\"\n\t\t\t\t\theight=\"160\"\n\t\t\t\t\tstyle=\"max-width:100%;\"\n\t\t\t\t\/>\n\t\t\t<\/a>\n\t\t<\/div>\n\t\t\t\t\t\t\t<\/div>\n\t\t\t\n\t\t\t\t<div id=\"ngg-image-10\" class=\"ngg-gallery-thumbnail-box\n\t\t\t\t\t\t\t\t\t\t\t\"\n\t\t\t>\n\t\t\t\t\t\t<div class=\"ngg-gallery-thumbnail\">\n\t\t<a href=\"https:\/\/www.hradeckych.cz\/wp-content\/gallery\/Hradeckych\/Hradeckych.cz_3_indoor_bedroom2.jpg.jpg?t=1517317479\"\n\t\t\ttitle=\"\"\n\t\t\tdata-src=\"https:\/\/www.hradeckych.cz\/wp-content\/gallery\/Hradeckych\/Hradeckych.cz_3_indoor_bedroom2.jpg.jpg?t=1517317479\"\n\t\t\tdata-thumbnail=\"https:\/\/www.hradeckych.cz\/wp-content\/gallery\/Hradeckych\/thumbs\/thumbs_Hradeckych.cz_3_indoor_bedroom2.jpg.jpg?t=1517317479\"\n\t\t\tdata-image-id=\"35\"\n\t\t\tdata-image-name=\"Hradeckych.cz_3_indoor_bedroom2.jpg.jpg\"\n\t\t\tdata-title=\"Hradeckych.cz_3_indoor_bedroom2\"\n\t\t\tdata-description=\"\"\n\t\t\tdata-image-slug=\"hradeckych-cz_3_indoor_bedroom2\"\n\t\t\t\t\t\t\t\t\t\t\t\t\t\t\t\t\t\t\t\tclass=\"ngg-fancybox\" rel=\"d23f9a0a00add64f821085166238489d\">\n\t\t\t\t\t\t\t\t<img\n\t\t\t\t\ttitle=\"Hradeckych.cz_3_indoor_bedroom2\"\n\t\t\t\t\talt=\"Hradeckych.cz_3_indoor_bedroom2\"\n\t\t\t\t\tsrc=\"https:\/\/www.hradeckych.cz\/wp-content\/gallery\/Hradeckych\/thumbs\/thumbs_Hradeckych.cz_3_indoor_bedroom2.jpg.jpg?t=1517317479\"\n\t\t\t\t\twidth=\"240\"\n\t\t\t\t\theight=\"160\"\n\t\t\t\t\tstyle=\"max-width:100%;\"\n\t\t\t\t\/>\n\t\t\t<\/a>\n\t\t<\/div>\n\t\t\t\t\t\t\t<\/div>\n\t\t\t\n\t\t\t\t<div id=\"ngg-image-11\" class=\"ngg-gallery-thumbnail-box\n\t\t\t\t\t\t\t\t\t\t\t\"\n\t\t\t>\n\t\t\t\t\t\t<div class=\"ngg-gallery-thumbnail\">\n\t\t<a href=\"https:\/\/www.hradeckych.cz\/wp-content\/gallery\/Hradeckych\/Hradeckych.cz_3_indoor_bedroom3.jpg.jpg?t=1517313259\"\n\t\t\ttitle=\"\"\n\t\t\tdata-src=\"https:\/\/www.hradeckych.cz\/wp-content\/gallery\/Hradeckych\/Hradeckych.cz_3_indoor_bedroom3.jpg.jpg?t=1517313259\"\n\t\t\tdata-thumbnail=\"https:\/\/www.hradeckych.cz\/wp-content\/gallery\/Hradeckych\/thumbs\/thumbs_Hradeckych.cz_3_indoor_bedroom3.jpg.jpg?t=1517313259\"\n\t\t\tdata-image-id=\"30\"\n\t\t\tdata-image-name=\"Hradeckych.cz_3_indoor_bedroom3.jpg.jpg\"\n\t\t\tdata-title=\"Hradeckych.cz_3_indoor_bedroom3\"\n\t\t\tdata-description=\"\"\n\t\t\tdata-image-slug=\"hradeckych-cz_3_indoor_bedroom3\"\n\t\t\t\t\t\t\t\t\t\t\t\t\t\t\t\t\t\t\t\tclass=\"ngg-fancybox\" rel=\"d23f9a0a00add64f821085166238489d\">\n\t\t\t\t\t\t\t\t<img\n\t\t\t\t\ttitle=\"Hradeckych.cz_3_indoor_bedroom3\"\n\t\t\t\t\talt=\"Hradeckych.cz_3_indoor_bedroom3\"\n\t\t\t\t\tsrc=\"https:\/\/www.hradeckych.cz\/wp-content\/gallery\/Hradeckych\/thumbs\/thumbs_Hradeckych.cz_3_indoor_bedroom3.jpg.jpg?t=1517313259\"\n\t\t\t\t\twidth=\"240\"\n\t\t\t\t\theight=\"160\"\n\t\t\t\t\tstyle=\"max-width:100%;\"\n\t\t\t\t\/>\n\t\t\t<\/a>\n\t\t<\/div>\n\t\t\t\t\t\t\t<\/div>\n\t\t\t\n\t\t\t\t<div id=\"ngg-image-12\" class=\"ngg-gallery-thumbnail-box\n\t\t\t\t\t\t\t\t\t\t\t\"\n\t\t\t>\n\t\t\t\t\t\t<div class=\"ngg-gallery-thumbnail\">\n\t\t<a href=\"https:\/\/www.hradeckych.cz\/wp-content\/gallery\/Hradeckych\/Hradeckych.cz_3_indoor_bedroom4.jpg.jpg?t=1517313261\"\n\t\t\ttitle=\"\"\n\t\t\tdata-src=\"https:\/\/www.hradeckych.cz\/wp-content\/gallery\/Hradeckych\/Hradeckych.cz_3_indoor_bedroom4.jpg.jpg?t=1517313261\"\n\t\t\tdata-thumbnail=\"https:\/\/www.hradeckych.cz\/wp-content\/gallery\/Hradeckych\/thumbs\/thumbs_Hradeckych.cz_3_indoor_bedroom4.jpg.jpg?t=1517313261\"\n\t\t\tdata-image-id=\"31\"\n\t\t\tdata-image-name=\"Hradeckych.cz_3_indoor_bedroom4.jpg.jpg\"\n\t\t\tdata-title=\"Hradeckych.cz_3_indoor_bedroom4\"\n\t\t\tdata-description=\"\"\n\t\t\tdata-image-slug=\"hradeckych-cz_3_indoor_bedroom4\"\n\t\t\t\t\t\t\t\t\t\t\t\t\t\t\t\t\t\t\t\tclass=\"ngg-fancybox\" rel=\"d23f9a0a00add64f821085166238489d\">\n\t\t\t\t\t\t\t\t<img\n\t\t\t\t\ttitle=\"Hradeckych.cz_3_indoor_bedroom4\"\n\t\t\t\t\talt=\"Hradeckych.cz_3_indoor_bedroom4\"\n\t\t\t\t\tsrc=\"https:\/\/www.hradeckych.cz\/wp-content\/gallery\/Hradeckych\/thumbs\/thumbs_Hradeckych.cz_3_indoor_bedroom4.jpg.jpg?t=1517313261\"\n\t\t\t\t\twidth=\"240\"\n\t\t\t\t\theight=\"160\"\n\t\t\t\t\tstyle=\"max-width:100%;\"\n\t\t\t\t\/>\n\t\t\t<\/a>\n\t\t<\/div>\n\t\t\t\t\t\t\t<\/div>\n\t\t\t\n\t\t\t\t<div id=\"ngg-image-13\" class=\"ngg-gallery-thumbnail-box\n\t\t\t\t\t\t\t\t\t\t\t\"\n\t\t\t>\n\t\t\t\t\t\t<div class=\"ngg-gallery-thumbnail\">\n\t\t<a href=\"https:\/\/www.hradeckych.cz\/wp-content\/gallery\/Hradeckych\/Hradeckych.cz_3_indoor_bedroom5.jpg.jpg?t=1517313265\"\n\t\t\ttitle=\"\"\n\t\t\tdata-src=\"https:\/\/www.hradeckych.cz\/wp-content\/gallery\/Hradeckych\/Hradeckych.cz_3_indoor_bedroom5.jpg.jpg?t=1517313265\"\n\t\t\tdata-thumbnail=\"https:\/\/www.hradeckych.cz\/wp-content\/gallery\/Hradeckych\/thumbs\/thumbs_Hradeckych.cz_3_indoor_bedroom5.jpg.jpg?t=1517313265\"\n\t\t\tdata-image-id=\"32\"\n\t\t\tdata-image-name=\"Hradeckych.cz_3_indoor_bedroom5.jpg.jpg\"\n\t\t\tdata-title=\"Hradeckych.cz_3_indoor_bedroom5\"\n\t\t\tdata-description=\"\"\n\t\t\tdata-image-slug=\"hradeckych-cz_3_indoor_bedroom5\"\n\t\t\t\t\t\t\t\t\t\t\t\t\t\t\t\t\t\t\t\tclass=\"ngg-fancybox\" rel=\"d23f9a0a00add64f821085166238489d\">\n\t\t\t\t\t\t\t\t<img\n\t\t\t\t\ttitle=\"Hradeckych.cz_3_indoor_bedroom5\"\n\t\t\t\t\talt=\"Hradeckych.cz_3_indoor_bedroom5\"\n\t\t\t\t\tsrc=\"https:\/\/www.hradeckych.cz\/wp-content\/gallery\/Hradeckych\/thumbs\/thumbs_Hradeckych.cz_3_indoor_bedroom5.jpg.jpg?t=1517313265\"\n\t\t\t\t\twidth=\"240\"\n\t\t\t\t\theight=\"160\"\n\t\t\t\t\tstyle=\"max-width:100%;\"\n\t\t\t\t\/>\n\t\t\t<\/a>\n\t\t<\/div>\n\t\t\t\t\t\t\t<\/div>\n\t\t\t\n\t\t\t\t<div id=\"ngg-image-14\" class=\"ngg-gallery-thumbnail-box\n\t\t\t\t\t\t\t\t\t\t\t\"\n\t\t\t>\n\t\t\t\t\t\t<div class=\"ngg-gallery-thumbnail\">\n\t\t<a href=\"https:\/\/www.hradeckych.cz\/wp-content\/gallery\/Hradeckych\/Hradeckych.cz_3_indoor_bedroom6.jpg.jpg?t=1517313268\"\n\t\t\ttitle=\"\"\n\t\t\tdata-src=\"https:\/\/www.hradeckych.cz\/wp-content\/gallery\/Hradeckych\/Hradeckych.cz_3_indoor_bedroom6.jpg.jpg?t=1517313268\"\n\t\t\tdata-thumbnail=\"https:\/\/www.hradeckych.cz\/wp-content\/gallery\/Hradeckych\/thumbs\/thumbs_Hradeckych.cz_3_indoor_bedroom6.jpg.jpg?t=1517313268\"\n\t\t\tdata-image-id=\"33\"\n\t\t\tdata-image-name=\"Hradeckych.cz_3_indoor_bedroom6.jpg.jpg\"\n\t\t\tdata-title=\"Hradeckych.cz_3_indoor_bedroom6\"\n\t\t\tdata-description=\"\"\n\t\t\tdata-image-slug=\"hradeckych-cz_3_indoor_bedroom6\"\n\t\t\t\t\t\t\t\t\t\t\t\t\t\t\t\t\t\t\t\tclass=\"ngg-fancybox\" rel=\"d23f9a0a00add64f821085166238489d\">\n\t\t\t\t\t\t\t\t<img\n\t\t\t\t\ttitle=\"Hradeckych.cz_3_indoor_bedroom6\"\n\t\t\t\t\talt=\"Hradeckych.cz_3_indoor_bedroom6\"\n\t\t\t\t\tsrc=\"https:\/\/www.hradeckych.cz\/wp-content\/gallery\/Hradeckych\/thumbs\/thumbs_Hradeckych.cz_3_indoor_bedroom6.jpg.jpg?t=1517313268\"\n\t\t\t\t\twidth=\"240\"\n\t\t\t\t\theight=\"160\"\n\t\t\t\t\tstyle=\"max-width:100%;\"\n\t\t\t\t\/>\n\t\t\t<\/a>\n\t\t<\/div>\n\t\t\t\t\t\t\t<\/div>\n\t\t\t\n\t\t\t\t<div id=\"ngg-image-15\" class=\"ngg-gallery-thumbnail-box\n\t\t\t\t\t\t\t\t\t\t\t\"\n\t\t\t>\n\t\t\t\t\t\t<div class=\"ngg-gallery-thumbnail\">\n\t\t<a href=\"https:\/\/www.hradeckych.cz\/wp-content\/gallery\/Hradeckych\/Hradeckych.cz_3_indoor_bedroom7.jpg.jpg?t=1517313271\"\n\t\t\ttitle=\"\"\n\t\t\tdata-src=\"https:\/\/www.hradeckych.cz\/wp-content\/gallery\/Hradeckych\/Hradeckych.cz_3_indoor_bedroom7.jpg.jpg?t=1517313271\"\n\t\t\tdata-thumbnail=\"https:\/\/www.hradeckych.cz\/wp-content\/gallery\/Hradeckych\/thumbs\/thumbs_Hradeckych.cz_3_indoor_bedroom7.jpg.jpg?t=1517313271\"\n\t\t\tdata-image-id=\"34\"\n\t\t\tdata-image-name=\"Hradeckych.cz_3_indoor_bedroom7.jpg.jpg\"\n\t\t\tdata-title=\"Hradeckych.cz_3_indoor_bedroom7\"\n\t\t\tdata-description=\"\"\n\t\t\tdata-image-slug=\"hradeckych-cz_3_indoor_bedroom7\"\n\t\t\t\t\t\t\t\t\t\t\t\t\t\t\t\t\t\t\t\tclass=\"ngg-fancybox\" rel=\"d23f9a0a00add64f821085166238489d\">\n\t\t\t\t\t\t\t\t<img\n\t\t\t\t\ttitle=\"Hradeckych.cz_3_indoor_bedroom7\"\n\t\t\t\t\talt=\"Hradeckych.cz_3_indoor_bedroom7\"\n\t\t\t\t\tsrc=\"https:\/\/www.hradeckych.cz\/wp-content\/gallery\/Hradeckych\/thumbs\/thumbs_Hradeckych.cz_3_indoor_bedroom7.jpg.jpg?t=1517313271\"\n\t\t\t\t\twidth=\"240\"\n\t\t\t\t\theight=\"160\"\n\t\t\t\t\tstyle=\"max-width:100%;\"\n\t\t\t\t\/>\n\t\t\t<\/a>\n\t\t<\/div>\n\t\t\t\t\t\t\t<\/div>\n\t\t\t\n\t\t\t\t<div id=\"ngg-image-16\" class=\"ngg-gallery-thumbnail-box\n\t\t\t\t\t\t\t\t\t\t\t\"\n\t\t\t>\n\t\t\t\t\t\t<div class=\"ngg-gallery-thumbnail\">\n\t\t<a href=\"https:\/\/www.hradeckych.cz\/wp-content\/gallery\/Hradeckych\/Hradeckych.cz_3_indoor_kitchen1.jpg?t=1465316604\"\n\t\t\ttitle=\"\"\n\t\t\tdata-src=\"https:\/\/www.hradeckych.cz\/wp-content\/gallery\/Hradeckych\/Hradeckych.cz_3_indoor_kitchen1.jpg?t=1465316604\"\n\t\t\tdata-thumbnail=\"https:\/\/www.hradeckych.cz\/wp-content\/gallery\/Hradeckych\/thumbs\/thumbs_Hradeckych.cz_3_indoor_kitchen1.jpg?t=1465316604\"\n\t\t\tdata-image-id=\"26\"\n\t\t\tdata-image-name=\"Hradeckych.cz_3_indoor_kitchen1.jpg\"\n\t\t\tdata-title=\"Hradeckych.cz_3_indoor_kitchen1\"\n\t\t\tdata-description=\"\"\n\t\t\tdata-image-slug=\"hradeckych-cz_3_indoor_kitchen1\"\n\t\t\t\t\t\t\t\t\t\t\t\t\t\t\t\t\t\t\t\tclass=\"ngg-fancybox\" rel=\"d23f9a0a00add64f821085166238489d\">\n\t\t\t\t\t\t\t\t<img\n\t\t\t\t\ttitle=\"Hradeckych.cz_3_indoor_kitchen1\"\n\t\t\t\t\talt=\"Hradeckych.cz_3_indoor_kitchen1\"\n\t\t\t\t\tsrc=\"https:\/\/www.hradeckych.cz\/wp-content\/gallery\/Hradeckych\/thumbs\/thumbs_Hradeckych.cz_3_indoor_kitchen1.jpg?t=1465316604\"\n\t\t\t\t\twidth=\"240\"\n\t\t\t\t\theight=\"160\"\n\t\t\t\t\tstyle=\"max-width:100%;\"\n\t\t\t\t\/>\n\t\t\t<\/a>\n\t\t<\/div>\n\t\t\t\t\t\t\t<\/div>\n\t\t\t\n\t\t\t\t<div id=\"ngg-image-17\" class=\"ngg-gallery-thumbnail-box\n\t\t\t\t\t\t\t\t\t\t\t\"\n\t\t\t>\n\t\t\t\t\t\t<div class=\"ngg-gallery-thumbnail\">\n\t\t<a href=\"https:\/\/www.hradeckych.cz\/wp-content\/gallery\/Hradeckych\/Hradeckych.cz_3_indoor_kitchen2.jpg?t=1465316606\"\n\t\t\ttitle=\"\"\n\t\t\tdata-src=\"https:\/\/www.hradeckych.cz\/wp-content\/gallery\/Hradeckych\/Hradeckych.cz_3_indoor_kitchen2.jpg?t=1465316606\"\n\t\t\tdata-thumbnail=\"https:\/\/www.hradeckych.cz\/wp-content\/gallery\/Hradeckych\/thumbs\/thumbs_Hradeckych.cz_3_indoor_kitchen2.jpg?t=1465316606\"\n\t\t\tdata-image-id=\"27\"\n\t\t\tdata-image-name=\"Hradeckych.cz_3_indoor_kitchen2.jpg\"\n\t\t\tdata-title=\"Hradeckych.cz_3_indoor_kitchen2\"\n\t\t\tdata-description=\"\"\n\t\t\tdata-image-slug=\"hradeckych-cz_3_indoor_kitchen2\"\n\t\t\t\t\t\t\t\t\t\t\t\t\t\t\t\t\t\t\t\tclass=\"ngg-fancybox\" rel=\"d23f9a0a00add64f821085166238489d\">\n\t\t\t\t\t\t\t\t<img\n\t\t\t\t\ttitle=\"Hradeckych.cz_3_indoor_kitchen2\"\n\t\t\t\t\talt=\"Hradeckych.cz_3_indoor_kitchen2\"\n\t\t\t\t\tsrc=\"https:\/\/www.hradeckych.cz\/wp-content\/gallery\/Hradeckych\/thumbs\/thumbs_Hradeckych.cz_3_indoor_kitchen2.jpg?t=1465316606\"\n\t\t\t\t\twidth=\"240\"\n\t\t\t\t\theight=\"160\"\n\t\t\t\t\tstyle=\"max-width:100%;\"\n\t\t\t\t\/>\n\t\t\t<\/a>\n\t\t<\/div>\n\t\t\t\t\t\t\t<\/div>\n\t\t\t\n\t\t\t\t<div id=\"ngg-image-18\" class=\"ngg-gallery-thumbnail-box\n\t\t\t\t\t\t\t\t\t\t\t\"\n\t\t\t>\n\t\t\t\t\t\t<div class=\"ngg-gallery-thumbnail\">\n\t\t<a href=\"https:\/\/www.hradeckych.cz\/wp-content\/gallery\/Hradeckych\/Hradeckych.cz_3_indoor_out.jpg?t=1465316608\"\n\t\t\ttitle=\"\"\n\t\t\tdata-src=\"https:\/\/www.hradeckych.cz\/wp-content\/gallery\/Hradeckych\/Hradeckych.cz_3_indoor_out.jpg?t=1465316608\"\n\t\t\tdata-thumbnail=\"https:\/\/www.hradeckych.cz\/wp-content\/gallery\/Hradeckych\/thumbs\/thumbs_Hradeckych.cz_3_indoor_out.jpg?t=1465316608\"\n\t\t\tdata-image-id=\"28\"\n\t\t\tdata-image-name=\"Hradeckych.cz_3_indoor_out.jpg\"\n\t\t\tdata-title=\"Hradeckych.cz_3_indoor_out\"\n\t\t\tdata-description=\"\"\n\t\t\tdata-image-slug=\"hradeckych-cz_3_indoor_out\"\n\t\t\t\t\t\t\t\t\t\t\t\t\t\t\t\t\t\t\t\tclass=\"ngg-fancybox\" rel=\"d23f9a0a00add64f821085166238489d\">\n\t\t\t\t\t\t\t\t<img\n\t\t\t\t\ttitle=\"Hradeckych.cz_3_indoor_out\"\n\t\t\t\t\talt=\"Hradeckych.cz_3_indoor_out\"\n\t\t\t\t\tsrc=\"https:\/\/www.hradeckych.cz\/wp-content\/gallery\/Hradeckych\/thumbs\/thumbs_Hradeckych.cz_3_indoor_out.jpg?t=1465316608\"\n\t\t\t\t\twidth=\"240\"\n\t\t\t\t\theight=\"160\"\n\t\t\t\t\tstyle=\"max-width:100%;\"\n\t\t\t\t\/>\n\t\t\t<\/a>\n\t\t<\/div>\n\t\t\t\t\t\t\t<\/div>\n\t\t\t\n\t\n\t<br style=\"clear: both\" \/>\n\n\t\n\t\t<div class=\"ngg-clear\"><\/div>\n\t<\/div>\n<\/p>\n<p>Fotogalerie <a href=\"https:\/\/www.hradeckych.cz\/nonwp\/www.Hradeckych.cz_foto.zip\">tak\u00e9 ke sta\u017een\u00ed zde (5MB)^<\/a><\/p>\n<hr>\n<h2>Video prohl\u00eddka<\/h2>\n<p>&nbsp;<\/p>\n<p>[embedyt]https:\/\/www.youtube.com\/watch?v=9k9n1zs24Ag[\/embedyt]<\/p>\n<p>Video tak\u00e9 <a href=\"https:\/\/www.hradeckych.cz\/nonwp\/www.Hradeckych.cz_720p.mp4\">ke sta\u017een\u00ed zde (720p, 27 MB)^<\/a><\/p>","protected":false},"excerpt":{"rendered":"<p>Fotogalerie tak\u00e9 ke sta\u017een\u00ed zde (5MB)^ Video prohl\u00eddka &nbsp; [embedyt]https:\/\/www.youtube.com\/watch?v=9k9n1zs24Ag[\/embedyt] Video tak\u00e9 ke sta\u017een\u00ed zde (720p, 27 MB)^<\/p>\n","protected":false},"author":1,"featured_media":0,"parent":0,"menu_order":0,"comment_status":"closed","ping_status":"closed","template":"","meta":{"ngg_post_thumbnail":0,"footnotes":""},"class_list":["post-103","page","type-page","status-publish","hentry"],"_links":{"self":[{"href":"https:\/\/www.hradeckych.cz\/cs\/wp-json\/wp\/v2\/pages\/103","targetHints":{"allow":["GET"]}}],"collection":[{"href":"https:\/\/www.hradeckych.cz\/cs\/wp-json\/wp\/v2\/pages"}],"about":[{"href":"https:\/\/www.hradeckych.cz\/cs\/wp-json\/wp\/v2\/types\/page"}],"author":[{"embeddable":true,"href":"https:\/\/www.hradeckych.cz\/cs\/wp-json\/wp\/v2\/users\/1"}],"replies":[{"embeddable":true,"href":"https:\/\/www.hradeckych.cz\/cs\/wp-json\/wp\/v2\/comments?post=103"}],"version-history":[{"count":16,"href":"https:\/\/www.hradeckych.cz\/cs\/wp-json\/wp\/v2\/pages\/103\/revisions"}],"predecessor-version":[{"id":273,"href":"https:\/\/www.hradeckych.cz\/cs\/wp-json\/wp\/v2\/pages\/103\/revisions\/273"}],"wp:attachment":[{"href":"https:\/\/www.hradeckych.cz\/cs\/wp-json\/wp\/v2\/media?parent=103"}],"curies":[{"name":"wp","href":"https:\/\/api.w.org\/{rel}","templated":true}]}}