{"id":2,"date":"2016-05-30T19:16:10","date_gmt":"2016-05-30T19:16:10","guid":{"rendered":"https:\/\/www.hradeckych.cz\/?page_id=2"},"modified":"2023-04-23T15:42:16","modified_gmt":"2023-04-23T15:42:16","slug":"sample-page","status":"publish","type":"page","link":"https:\/\/www.hradeckych.cz\/cs\/","title":{"rendered":"Dom\u016f"},"content":{"rendered":"<p>Nab\u00edz\u00edme k podn\u00e1jmu <strong>nov\u011b kompletn\u011b zrekonstruovan\u00fd byt<\/strong> 200 metr\u016f od <img loading=\"lazy\" decoding=\"async\" class=\"alignnone wp-image-46\" src=\"https:\/\/www.hradeckych.cz\/wp-content\/uploads\/2016\/05\/200px-Prag_Metro_Logo.svg_.png\" alt=\"200px-Prag_Metro_Logo.svg\" width=\"33\" height=\"17\"> &#8222;Pra\u017esk\u00e9ho povst\u00e1n\u00ed&#8220;.<\/p>\n<p><a href=\"https:\/\/www.hradeckych.cz\/wp-content\/uploads\/2016\/05\/hradeckych_pic1.jpg\"><img loading=\"lazy\" decoding=\"async\" class=\"alignnone size-medium wp-image-54\" src=\"https:\/\/www.hradeckych.cz\/wp-content\/uploads\/2016\/05\/hradeckych_pic1-300x200.jpg\" alt=\"hradeckych_pic1\" width=\"300\" height=\"200\" srcset=\"https:\/\/www.hradeckych.cz\/wp-content\/uploads\/2016\/05\/hradeckych_pic1-300x200.jpg 300w, https:\/\/www.hradeckych.cz\/wp-content\/uploads\/2016\/05\/hradeckych_pic1-768x511.jpg 768w, https:\/\/www.hradeckych.cz\/wp-content\/uploads\/2016\/05\/hradeckych_pic1-1024x681.jpg 1024w\" sizes=\"auto, (max-width: 300px) 100vw, 300px\" \/><\/a> <a href=\"https:\/\/www.hradeckych.cz\/wp-content\/uploads\/2016\/05\/hradeckych_pic2.jpg\"><img loading=\"lazy\" decoding=\"async\" class=\"alignnone wp-image-53\" src=\"https:\/\/www.hradeckych.cz\/wp-content\/uploads\/2016\/05\/hradeckych_pic2-300x225.jpg\" alt=\"hradeckych_pic2\" width=\"266\" height=\"199\" srcset=\"https:\/\/www.hradeckych.cz\/wp-content\/uploads\/2016\/05\/hradeckych_pic2-300x225.jpg 300w, https:\/\/www.hradeckych.cz\/wp-content\/uploads\/2016\/05\/hradeckych_pic2-768x576.jpg 768w, https:\/\/www.hradeckych.cz\/wp-content\/uploads\/2016\/05\/hradeckych_pic2-1024x768.jpg 1024w\" sizes=\"auto, (max-width: 266px) 100vw, 266px\" \/> <\/a><a href=\"https:\/\/www.hradeckych.cz\/wp-content\/uploads\/2016\/05\/hradeckych_pic3.jpg\"><img loading=\"lazy\" decoding=\"async\" class=\"alignnone size-medium wp-image-52\" src=\"https:\/\/www.hradeckych.cz\/wp-content\/uploads\/2016\/05\/hradeckych_pic3-300x199.jpg\" alt=\"hradeckych_pic3\" width=\"300\" height=\"199\" srcset=\"https:\/\/www.hradeckych.cz\/wp-content\/uploads\/2016\/05\/hradeckych_pic3-300x199.jpg 300w, https:\/\/www.hradeckych.cz\/wp-content\/uploads\/2016\/05\/hradeckych_pic3-768x510.jpg 768w, https:\/\/www.hradeckych.cz\/wp-content\/uploads\/2016\/05\/hradeckych_pic3-1024x680.jpg 1024w\" sizes=\"auto, (max-width: 300px) 100vw, 300px\" \/><\/a><\/p>\n<h6><em>Zdroj obr\u00e1zk\u016f: Pra\u017esk\u00e1 spr\u00e1va nemovitost\u00ed, spol. s r.o. (www.psn.cz)<\/em><\/h6>\n<h1><strong>Video prohl\u00eddka:<\/strong><\/h1>\n<div style=\"width: 960px;\" class=\"wp-video\"><!--[if lt IE 9]><script>document.createElement('video');<\/script><![endif]-->\n<video class=\"wp-video-shortcode\" id=\"video-2-1\" width=\"960\" height=\"540\" preload=\"metadata\" controls=\"controls\"><source type=\"video\/mp4\" src=\"https:\/\/www.hradeckych.cz\/wp-content\/uploads\/2023\/02\/www.Hradeckych.cz_720p.mp4?_=1\" \/><a href=\"https:\/\/www.hradeckych.cz\/wp-content\/uploads\/2023\/02\/www.Hradeckych.cz_720p.mp4\">https:\/\/www.hradeckych.cz\/wp-content\/uploads\/2023\/02\/www.Hradeckych.cz_720p.mp4<\/a><\/video><\/div>\n<p>Video tak\u00e9 <a href=\"https:\/\/www.hradeckych.cz\/nonwp\/www.Hradeckych.cz_720p.mp4\">ke sta\u017een\u00ed zde (720p, 27 MB)^<\/a><\/p>\n<h1><strong>Vlastnosti bytu v p\u0159ehledu:<\/strong><\/h1>\n\n<table id=\"tablepress-1\" class=\"tablepress tablepress-id-1\">\n<tbody class=\"row-striping row-hover\">\n<tr class=\"row-1\">\n\t<td class=\"column-1\">Cena:<\/td><td class=\"column-2\">na dotaz<\/td>\n<\/tr>\n<tr class=\"row-2\">\n\t<td class=\"column-1\">Pokoje:<\/td><td class=\"column-2\">1x lo\u017en\u00edce, 1x j\u00eddelna s kuchyn\u00ed, sp\u00ed\u017e, toaleta, koupelna<\/td>\n<\/tr>\n<tr class=\"row-3\">\n\t<td class=\"column-1\">Vybaven\u00ed:<\/td><td class=\"column-2\">rohov\u00e1 vana, kuchy\u0148sk\u00fd va\u0159i\u010d, trouba, mikrovlnn\u00e1 trouba, pra\u010dka, my\u010dka, st\u016fl a 4 \u017eidle, \u0161atn\u00ed sk\u0159\u00ed\u0148, dvojl\u016f\u017ekov\u00e1 postel, mo\u017eno dodat lednici<\/td>\n<\/tr>\n<tr class=\"row-4\">\n\t<td class=\"column-1\">Podlahy:<\/td><td class=\"column-2\">parkety, dla\u017eba<\/td>\n<\/tr>\n<tr class=\"row-5\">\n\t<td class=\"column-1\">Parking:<\/td><td class=\"column-2\">p\u0159ed objektem zdarma, placen\u00e9 hl\u00eddan\u00e9 parkovi\u0161t\u011b<\/td>\n<\/tr>\n<tr class=\"row-6\">\n\t<td class=\"column-1\">Datova infrastruktura:<\/td><td class=\"column-2\">mo\u017enost kabelov\u00fd Internet Vodafone a\u017e 1000\/50Mbps nebo Cetin Internet VDSL2 mo\u017eno a\u017e 100\/20Mbps, datov\u00e9 rozvody LAN v byt\u011b a\u017e 1000 Mbps (8x z\u00e1suvka)<\/td>\n<\/tr>\n<tr class=\"row-7\">\n\t<td class=\"column-1\">Celkov\u00e1 plocha:<\/td><td class=\"column-2\">51.3 m2<\/td>\n<\/tr>\n<tr class=\"row-8\">\n\t<td class=\"column-1\">Sklepn\u00ed k\u00f3je:<\/td><td class=\"column-2\">2.00 m2<\/td>\n<\/tr>\n<tr class=\"row-9\">\n\t<td class=\"column-1\">Podla\u017e\u00ed:<\/td><td class=\"column-2\">druh\u00e9 (5 schod\u016f nad \u00farovn\u00ed chodn\u00edku)<\/td>\n<\/tr>\n<tr class=\"row-10\">\n\t<td class=\"column-1\">V\u00fdhled:<\/td><td class=\"column-2\">zahrada<\/td>\n<\/tr>\n<tr class=\"row-11\">\n\t<td class=\"column-1\">Typ budovy:<\/td><td class=\"column-2\">cihla<\/td>\n<\/tr>\n<tr class=\"row-12\">\n\t<td class=\"column-1\">Ob\u010dansk\u00e1 vybavenost:<\/td><td class=\"column-2\">Metro C - \"Pra\u017esk\u00e9ho povst\u00e1n\u00ed\" + Tesco Express, oboje v dosahu 200 metr\u016f<\/td>\n<\/tr>\n<\/tbody>\n<\/table>\n<!-- #tablepress-1 from cache -->\n<h1><strong>Pl\u00e1n bytu:<\/strong><\/h1>\n<p><a href=\"https:\/\/www.hradeckych.cz\/wp-content\/uploads\/2016\/05\/hradeckych_plan.png\"><img loading=\"lazy\" decoding=\"async\" class=\"alignnone wp-image-75\" src=\"https:\/\/www.hradeckych.cz\/wp-content\/uploads\/2016\/05\/hradeckych_plan-1024x912.png\" alt=\"hradeckych_plan\" width=\"478\" height=\"426\" srcset=\"https:\/\/www.hradeckych.cz\/wp-content\/uploads\/2016\/05\/hradeckych_plan-1024x912.png 1024w, https:\/\/www.hradeckych.cz\/wp-content\/uploads\/2016\/05\/hradeckych_plan-300x267.png 300w, https:\/\/www.hradeckych.cz\/wp-content\/uploads\/2016\/05\/hradeckych_plan-768x684.png 768w, https:\/\/www.hradeckych.cz\/wp-content\/uploads\/2016\/05\/hradeckych_plan.png 1616w\" sizes=\"auto, (max-width: 478px) 100vw, 478px\" \/><\/a><\/p>\n<h1><strong>Lokalita:<\/strong><\/h1>\n<p><a href=\"https:\/\/goo.gl\/maps\/9WdmDy1WkkK2\"><img loading=\"lazy\" decoding=\"async\" class=\"alignnone size-large wp-image-291\" src=\"https:\/\/www.hradeckych.cz\/wp-content\/uploads\/2023\/04\/hradeckych-mapa-1024x676.png\" alt=\"\" width=\"960\" height=\"634\" srcset=\"https:\/\/www.hradeckych.cz\/wp-content\/uploads\/2023\/04\/hradeckych-mapa-1024x676.png 1024w, https:\/\/www.hradeckych.cz\/wp-content\/uploads\/2023\/04\/hradeckych-mapa-300x198.png 300w, https:\/\/www.hradeckych.cz\/wp-content\/uploads\/2023\/04\/hradeckych-mapa-768x507.png 768w, https:\/\/www.hradeckych.cz\/wp-content\/uploads\/2023\/04\/hradeckych-mapa.png 1155w\" sizes=\"auto, (max-width: 960px) 100vw, 960px\" \/><\/a><\/p>\n<p>Zobrazit mapu na <a href=\"https:\/\/goo.gl\/maps\/9WdmDy1WkkK2\">Maps.Google.com^<\/a><\/p>\n<h3>Adresa:<\/h3>\n<p>Hradeck\u00fdch 1299\/4<br \/>\n140 00 Praha 4-Nusle<\/p>\n<h1><strong>M\u00e1m z\u00e1jem:<br \/>\n<\/strong><\/h1>\n<p>\n<div class=\"wpcf7 no-js\" id=\"wpcf7-f193-o1\" lang=\"en-US\" dir=\"ltr\" data-wpcf7-id=\"193\">\n<div class=\"screen-reader-response\"><p role=\"status\" aria-live=\"polite\" aria-atomic=\"true\"><\/p> <ul><\/ul><\/div>\n<form action=\"\/cs\/wp-json\/wp\/v2\/pages\/2#wpcf7-f193-o1\" method=\"post\" class=\"wpcf7-form init\" aria-label=\"Contact form\" novalidate=\"novalidate\" data-status=\"init\">\n<fieldset class=\"hidden-fields-container\"><input type=\"hidden\" name=\"_wpcf7\" value=\"193\" \/><input type=\"hidden\" name=\"_wpcf7_version\" value=\"6.1.5\" \/><input type=\"hidden\" name=\"_wpcf7_locale\" value=\"en_US\" \/><input type=\"hidden\" name=\"_wpcf7_unit_tag\" value=\"wpcf7-f193-o1\" \/><input type=\"hidden\" name=\"_wpcf7_container_post\" value=\"0\" \/><input type=\"hidden\" name=\"_wpcf7_posted_data_hash\" value=\"\" \/>\n<\/fieldset>\n<p>Jm\u00e9no:<br \/>\n<span class=\"wpcf7-form-control-wrap\" data-name=\"your-firstname\"><input size=\"40\" maxlength=\"400\" class=\"wpcf7-form-control wpcf7-text wpcf7-validates-as-required\" aria-required=\"true\" aria-invalid=\"false\" value=\"\" type=\"text\" name=\"your-firstname\" \/><\/span>\n<\/p>\n<p>P\u0159\u00edjmen\u00ed:<br \/>\n<span class=\"wpcf7-form-control-wrap\" data-name=\"your-lastname\"><input size=\"40\" maxlength=\"400\" class=\"wpcf7-form-control wpcf7-text wpcf7-validates-as-required\" aria-required=\"true\" aria-invalid=\"false\" value=\"\" type=\"text\" name=\"your-lastname\" \/><\/span>\n<\/p>\n<p>E-mail:<br \/>\n<span class=\"wpcf7-form-control-wrap\" data-name=\"your-email\"><input size=\"40\" maxlength=\"400\" class=\"wpcf7-form-control wpcf7-email wpcf7-validates-as-required wpcf7-text wpcf7-validates-as-email\" aria-required=\"true\" aria-invalid=\"false\" value=\"\" type=\"email\" name=\"your-email\" \/><\/span>\n<\/p>\n<p>Telefonn\u00ed \u010d\u00edslo:<br \/>\n<span class=\"wpcf7-form-control-wrap\" data-name=\"your-tel\"><input size=\"40\" maxlength=\"400\" class=\"wpcf7-form-control wpcf7-text wpcf7-validates-as-required\" aria-required=\"true\" aria-invalid=\"false\" value=\"\" type=\"text\" name=\"your-tel\" \/><\/span>\n<\/p>\n<p>V jak\u00e9m m\u011bst\u011b popt\u00e1v\u00e1te podn\u00e1jem?<br \/>\n(ochrana proti spamu, n\u00e1pov\u011bda: P**ha)<br \/>\n<span class=\"wpcf7-form-control-wrap\" data-name=\"quiz-40\"><label><span class=\"wpcf7-quiz-label\"><\/span> <input size=\"40\" class=\"wpcf7-form-control wpcf7-quiz\" autocomplete=\"off\" aria-required=\"true\" aria-invalid=\"false\" type=\"text\" name=\"quiz-40\" \/><\/label><input type=\"hidden\" name=\"_wpcf7_quiz_answer_quiz-40\" value=\"88c0ab878cfe3d5295c43c94d11e07ee\" \/><\/span>\n<\/p>\n<p>Va\u0161e zpr\u00e1va<br \/>\n<span class=\"wpcf7-form-control-wrap\" data-name=\"your-message\"><textarea cols=\"40\" rows=\"10\" maxlength=\"2000\" class=\"wpcf7-form-control wpcf7-textarea wpcf7-validates-as-required\" aria-required=\"true\" aria-invalid=\"false\" name=\"your-message\"><\/textarea><\/span>\n<\/p>\n<p><input class=\"wpcf7-form-control wpcf7-submit has-spinner\" type=\"submit\" value=\"Odeslat\" \/>\n<\/p><div class=\"wpcf7-response-output\" aria-hidden=\"true\"><\/div>\n<\/form>\n<\/div>\n<\/p>","protected":false},"excerpt":{"rendered":"<p>Nab\u00edz\u00edme k podn\u00e1jmu nov\u011b kompletn\u011b zrekonstruovan\u00fd byt 200 metr\u016f od &#8222;Pra\u017esk\u00e9ho povst\u00e1n\u00ed&#8220;. Zdroj obr\u00e1zk\u016f: Pra\u017esk\u00e1 spr\u00e1va nemovitost\u00ed, spol. s r.o. (www.psn.cz) Video prohl\u00eddka: Video tak\u00e9 ke sta\u017een\u00ed zde (720p, 27 MB)^ Vlastnosti bytu v p\u0159ehledu: Pl\u00e1n bytu: Lokalita: Zobrazit mapu na Maps.Google.com^ Adresa: Hradeck\u00fdch 1299\/4 140 00 Praha 4-Nusle M\u00e1m z\u00e1jem:<\/p>\n","protected":false},"author":1,"featured_media":0,"parent":0,"menu_order":0,"comment_status":"closed","ping_status":"open","template":"","meta":{"ngg_post_thumbnail":0,"footnotes":""},"class_list":["post-2","page","type-page","status-publish","hentry"],"_links":{"self":[{"href":"https:\/\/www.hradeckych.cz\/cs\/wp-json\/wp\/v2\/pages\/2","targetHints":{"allow":["GET"]}}],"collection":[{"href":"https:\/\/www.hradeckych.cz\/cs\/wp-json\/wp\/v2\/pages"}],"about":[{"href":"https:\/\/www.hradeckych.cz\/cs\/wp-json\/wp\/v2\/types\/page"}],"author":[{"embeddable":true,"href":"https:\/\/www.hradeckych.cz\/cs\/wp-json\/wp\/v2\/users\/1"}],"replies":[{"embeddable":true,"href":"https:\/\/www.hradeckych.cz\/cs\/wp-json\/wp\/v2\/comments?post=2"}],"version-history":[{"count":76,"href":"https:\/\/www.hradeckych.cz\/cs\/wp-json\/wp\/v2\/pages\/2\/revisions"}],"predecessor-version":[{"id":293,"href":"https:\/\/www.hradeckych.cz\/cs\/wp-json\/wp\/v2\/pages\/2\/revisions\/293"}],"wp:attachment":[{"href":"https:\/\/www.hradeckych.cz\/cs\/wp-json\/wp\/v2\/media?parent=2"}],"curies":[{"name":"wp","href":"https:\/\/api.w.org\/{rel}","templated":true}]}}