{"id":2,"date":"2016-05-30T19:16:10","date_gmt":"2016-05-30T19:16:10","guid":{"rendered":"https:\/\/www.hradeckych.cz\/?page_id=2"},"modified":"2023-04-23T15:42:16","modified_gmt":"2023-04-23T15:42:16","slug":"sample-page","status":"publish","type":"page","link":"https:\/\/www.hradeckych.cz\/en\/","title":{"rendered":"Home"},"content":{"rendered":"<p>We offer for sublease <strong>newly refurbished flat<\/strong> 200 meters from subway station <img loading=\"lazy\" decoding=\"async\" class=\"alignnone wp-image-46\" src=\"https:\/\/www.hradeckych.cz\/wp-content\/uploads\/2016\/05\/200px-Prag_Metro_Logo.svg_.png\" alt=\"200px-Prag_Metro_Logo.svg\" width=\"33\" height=\"17\"> &#8220;Pra\u017esk\u00e9ho povst\u00e1n\u00ed&#8221;.<\/p>\n<p><a href=\"https:\/\/www.hradeckych.cz\/wp-content\/uploads\/2016\/05\/hradeckych_pic1.jpg\"><img loading=\"lazy\" decoding=\"async\" class=\"alignnone size-medium wp-image-54\" src=\"https:\/\/www.hradeckych.cz\/wp-content\/uploads\/2016\/05\/hradeckych_pic1-300x200.jpg\" alt=\"hradeckych_pic1\" width=\"300\" height=\"200\" srcset=\"https:\/\/www.hradeckych.cz\/wp-content\/uploads\/2016\/05\/hradeckych_pic1-300x200.jpg 300w, https:\/\/www.hradeckych.cz\/wp-content\/uploads\/2016\/05\/hradeckych_pic1-768x511.jpg 768w, https:\/\/www.hradeckych.cz\/wp-content\/uploads\/2016\/05\/hradeckych_pic1-1024x681.jpg 1024w\" sizes=\"auto, (max-width: 300px) 100vw, 300px\" \/><\/a> <a href=\"https:\/\/www.hradeckych.cz\/wp-content\/uploads\/2016\/05\/hradeckych_pic2.jpg\"><img loading=\"lazy\" decoding=\"async\" class=\"alignnone wp-image-53\" src=\"https:\/\/www.hradeckych.cz\/wp-content\/uploads\/2016\/05\/hradeckych_pic2-300x225.jpg\" alt=\"hradeckych_pic2\" width=\"266\" height=\"199\" srcset=\"https:\/\/www.hradeckych.cz\/wp-content\/uploads\/2016\/05\/hradeckych_pic2-300x225.jpg 300w, https:\/\/www.hradeckych.cz\/wp-content\/uploads\/2016\/05\/hradeckych_pic2-768x576.jpg 768w, https:\/\/www.hradeckych.cz\/wp-content\/uploads\/2016\/05\/hradeckych_pic2-1024x768.jpg 1024w\" sizes=\"auto, (max-width: 266px) 100vw, 266px\" \/> <\/a><a href=\"https:\/\/www.hradeckych.cz\/wp-content\/uploads\/2016\/05\/hradeckych_pic3.jpg\"><img loading=\"lazy\" decoding=\"async\" class=\"alignnone size-medium wp-image-52\" src=\"https:\/\/www.hradeckych.cz\/wp-content\/uploads\/2016\/05\/hradeckych_pic3-300x199.jpg\" alt=\"hradeckych_pic3\" width=\"300\" height=\"199\" srcset=\"https:\/\/www.hradeckych.cz\/wp-content\/uploads\/2016\/05\/hradeckych_pic3-300x199.jpg 300w, https:\/\/www.hradeckych.cz\/wp-content\/uploads\/2016\/05\/hradeckych_pic3-768x510.jpg 768w, https:\/\/www.hradeckych.cz\/wp-content\/uploads\/2016\/05\/hradeckych_pic3-1024x680.jpg 1024w\" sizes=\"auto, (max-width: 300px) 100vw, 300px\" \/><\/a><\/p>\n<h6><em>Image source: Pra\u017esk\u00e1 spr\u00e1va nemovitost\u00ed, spol. s r.o. (www.psn.cz)<\/em><\/h6>\n<h1><strong>Video Tour:<\/strong><\/h1>\n<div style=\"width: 960px;\" class=\"wp-video\"><video class=\"wp-video-shortcode\" id=\"video-2-2\" width=\"960\" height=\"540\" preload=\"metadata\" controls=\"controls\"><source type=\"video\/mp4\" src=\"https:\/\/www.hradeckych.cz\/wp-content\/uploads\/2023\/02\/www.Hradeckych.cz_720p.mp4?_=2\" \/><a href=\"https:\/\/www.hradeckych.cz\/wp-content\/uploads\/2023\/02\/www.Hradeckych.cz_720p.mp4\">https:\/\/www.hradeckych.cz\/wp-content\/uploads\/2023\/02\/www.Hradeckych.cz_720p.mp4<\/a><\/video><\/div>\n<p>Video can be also <a href=\"https:\/\/www.hradeckych.cz\/nonwp\/www.Hradeckych.cz_720p.mp4\">downloaded from here (720p, 27 MB)^<\/a><\/p>\n<h1><strong>Flat Features:<\/strong><\/h1>\n\n<table id=\"tablepress-2\" class=\"tablepress tablepress-id-2\">\n<tbody class=\"row-striping row-hover\">\n<tr class=\"row-1\">\n\t<td class=\"column-1\">Price:<\/td><td class=\"column-2\">contact us<\/td>\n<\/tr>\n<tr class=\"row-2\">\n\t<td class=\"column-1\">Rooms:<\/td><td class=\"column-2\">1x Bedroom, 1x Dining Room with Kitchen, Pantry, Restroom, Bathroom<\/td>\n<\/tr>\n<tr class=\"row-3\">\n\t<td class=\"column-1\">Facilities<\/td><td class=\"column-2\">Corner Bath, Kitchen Stove, Oven, Microwave Oven, Washing Machine, Dish Washer, Table and 4 chairs, wardrobe for clothes, double bed, possible to arrange fridge<\/td>\n<\/tr>\n<tr class=\"row-4\">\n\t<td class=\"column-1\">Floor Covering:<\/td><td class=\"column-2\">Parquet, Pavement<\/td>\n<\/tr>\n<tr class=\"row-5\">\n\t<td class=\"column-1\">Parking:<\/td><td class=\"column-2\">In front of the Building (free), Guarded Car Park (paid - nearby)<\/td>\n<\/tr>\n<tr class=\"row-6\">\n\t<td class=\"column-1\">Data Infrastructure:<\/td><td class=\"column-2\">Cable Internet Vodafone maximum available speed 1000\/50 Mbps, Cetin Internet VDSL2 maximum available speed 100\/20Mbps, Ethernet Sockets CAT6 (8x socket) up to 1000Mbps<\/td>\n<\/tr>\n<tr class=\"row-7\">\n\t<td class=\"column-1\">Total area:<\/td><td class=\"column-2\">51.3 m2<\/td>\n<\/tr>\n<tr class=\"row-8\">\n\t<td class=\"column-1\">Cellar:<\/td><td class=\"column-2\">2.00 m2<\/td>\n<\/tr>\n<tr class=\"row-9\">\n\t<td class=\"column-1\">Floor:<\/td><td class=\"column-2\">Second (5 steps above the pavement)<\/td>\n<\/tr>\n<tr class=\"row-10\">\n\t<td class=\"column-1\">View:<\/td><td class=\"column-2\">Garden<\/td>\n<\/tr>\n<tr class=\"row-11\">\n\t<td class=\"column-1\">Building material:<\/td><td class=\"column-2\">Bricks<\/td>\n<\/tr>\n<tr class=\"row-12\">\n\t<td class=\"column-1\">Civic amenities:<\/td><td class=\"column-2\">Subway Line C Station \"Pra\u017esk\u00e9ho povst\u00e1n\u00ed\" + Tesco Express, both within 200 meters<\/td>\n<\/tr>\n<\/tbody>\n<\/table>\n<!-- #tablepress-2 from cache -->\n<h1><strong>Flat Floorplan:<\/strong><\/h1>\n<p><a href=\"https:\/\/www.hradeckych.cz\/wp-content\/uploads\/2016\/05\/hradeckych_plan.png\"><img loading=\"lazy\" decoding=\"async\" class=\"alignnone wp-image-75\" src=\"https:\/\/www.hradeckych.cz\/wp-content\/uploads\/2016\/05\/hradeckych_plan-1024x912.png\" alt=\"hradeckych_plan\" width=\"478\" height=\"426\" srcset=\"https:\/\/www.hradeckych.cz\/wp-content\/uploads\/2016\/05\/hradeckych_plan-1024x912.png 1024w, https:\/\/www.hradeckych.cz\/wp-content\/uploads\/2016\/05\/hradeckych_plan-300x267.png 300w, https:\/\/www.hradeckych.cz\/wp-content\/uploads\/2016\/05\/hradeckych_plan-768x684.png 768w, https:\/\/www.hradeckych.cz\/wp-content\/uploads\/2016\/05\/hradeckych_plan.png 1616w\" sizes=\"auto, (max-width: 478px) 100vw, 478px\" \/><\/a><\/p>\n<h1><strong>Location:<\/strong><\/h1>\n<p><a href=\"https:\/\/goo.gl\/maps\/9WdmDy1WkkK2\"><img loading=\"lazy\" decoding=\"async\" class=\"alignnone size-large wp-image-291\" src=\"https:\/\/www.hradeckych.cz\/wp-content\/uploads\/2023\/04\/hradeckych-mapa-1024x676.png\" alt=\"\" width=\"960\" height=\"634\" srcset=\"https:\/\/www.hradeckych.cz\/wp-content\/uploads\/2023\/04\/hradeckych-mapa-1024x676.png 1024w, https:\/\/www.hradeckych.cz\/wp-content\/uploads\/2023\/04\/hradeckych-mapa-300x198.png 300w, https:\/\/www.hradeckych.cz\/wp-content\/uploads\/2023\/04\/hradeckych-mapa-768x507.png 768w, https:\/\/www.hradeckych.cz\/wp-content\/uploads\/2023\/04\/hradeckych-mapa.png 1155w\" sizes=\"auto, (max-width: 960px) 100vw, 960px\" \/><\/a><\/p>\n<p>Open map at <a href=\"https:\/\/goo.gl\/maps\/9WdmDy1WkkK2\">Maps.Google.com^<\/a><\/p>\n<h3>Address:<\/h3>\n<p>Hradeck\u00fdch 1299\/4<br \/>\n140 00 Praha 4-Nusle<\/p>\n<h1><strong>I am Interested:<\/strong><\/h1>\n\n<div class=\"wpcf7 no-js\" id=\"wpcf7-f189-o2\" lang=\"en-US\" dir=\"ltr\" data-wpcf7-id=\"189\">\n<div class=\"screen-reader-response\"><p role=\"status\" aria-live=\"polite\" aria-atomic=\"true\"><\/p> <ul><\/ul><\/div>\n<form action=\"\/en\/wp-json\/wp\/v2\/pages\/2#wpcf7-f189-o2\" method=\"post\" class=\"wpcf7-form init\" aria-label=\"Contact form\" novalidate=\"novalidate\" data-status=\"init\">\n<fieldset class=\"hidden-fields-container\"><input type=\"hidden\" name=\"_wpcf7\" value=\"189\" \/><input type=\"hidden\" name=\"_wpcf7_version\" value=\"6.1.5\" \/><input type=\"hidden\" name=\"_wpcf7_locale\" value=\"en_US\" \/><input type=\"hidden\" name=\"_wpcf7_unit_tag\" value=\"wpcf7-f189-o2\" \/><input type=\"hidden\" name=\"_wpcf7_container_post\" value=\"0\" \/><input type=\"hidden\" name=\"_wpcf7_posted_data_hash\" value=\"\" \/>\n<\/fieldset>\n<p>First name:<br \/>\n<span class=\"wpcf7-form-control-wrap\" data-name=\"your-firstname\"><input size=\"40\" maxlength=\"400\" class=\"wpcf7-form-control wpcf7-text wpcf7-validates-as-required\" aria-required=\"true\" aria-invalid=\"false\" value=\"\" type=\"text\" name=\"your-firstname\" \/><\/span>\n<\/p>\n<p>Last name:<br \/>\n<span class=\"wpcf7-form-control-wrap\" data-name=\"your-lastname\"><input size=\"40\" maxlength=\"400\" class=\"wpcf7-form-control wpcf7-text wpcf7-validates-as-required\" aria-required=\"true\" aria-invalid=\"false\" value=\"\" type=\"text\" name=\"your-lastname\" \/><\/span>\n<\/p>\n<p>E-mail:<br \/>\n<span class=\"wpcf7-form-control-wrap\" data-name=\"your-email\"><input size=\"40\" maxlength=\"400\" class=\"wpcf7-form-control wpcf7-email wpcf7-validates-as-required wpcf7-text wpcf7-validates-as-email\" aria-required=\"true\" aria-invalid=\"false\" value=\"\" type=\"email\" name=\"your-email\" \/><\/span>\n<\/p>\n<p>Telephone number:<br \/>\n<span class=\"wpcf7-form-control-wrap\" data-name=\"your-tel\"><input size=\"40\" maxlength=\"400\" class=\"wpcf7-form-control wpcf7-text wpcf7-validates-as-required\" aria-required=\"true\" aria-invalid=\"false\" value=\"\" type=\"text\" name=\"your-tel\" \/><\/span>\n<\/p>\n<p>In which city are you looking for a sublease?<br \/>\n(spam protection, hint: P**ha)<br \/>\n<span class=\"wpcf7-form-control-wrap\" data-name=\"quiz-40\"><label><span class=\"wpcf7-quiz-label\"><\/span> <input size=\"40\" class=\"wpcf7-form-control wpcf7-quiz\" autocomplete=\"off\" aria-required=\"true\" aria-invalid=\"false\" type=\"text\" name=\"quiz-40\" \/><\/label><input type=\"hidden\" name=\"_wpcf7_quiz_answer_quiz-40\" value=\"88c0ab878cfe3d5295c43c94d11e07ee\" \/><\/span>\n<\/p>\n<p>Your Message:<br \/>\n<span class=\"wpcf7-form-control-wrap\" data-name=\"your-message\"><textarea cols=\"40\" rows=\"10\" maxlength=\"2000\" class=\"wpcf7-form-control wpcf7-textarea wpcf7-validates-as-required\" aria-required=\"true\" aria-invalid=\"false\" name=\"your-message\"><\/textarea><\/span>\n<\/p>\n<p><input class=\"wpcf7-form-control wpcf7-submit has-spinner\" type=\"submit\" value=\"Send\" \/>\n<\/p><div class=\"wpcf7-response-output\" aria-hidden=\"true\"><\/div>\n<\/form>\n<\/div>\n\n<p>Phone number: (+420) 910 127 074 (only for urgent matters)<\/p>","protected":false},"excerpt":{"rendered":"<p>We offer for sublease newly refurbished flat 200 meters from subway station &#8220;Pra\u017esk\u00e9ho povst\u00e1n\u00ed&#8221;. Image source: Pra\u017esk\u00e1 spr\u00e1va nemovitost\u00ed, spol. s r.o. (www.psn.cz) Video Tour: Video can be also downloaded from here (720p, 27 MB)^ Flat Features: Flat Floorplan: Location: Open map at Maps.Google.com^ Address: Hradeck\u00fdch 1299\/4 140 00 Praha 4-Nusle I am Interested: Phone [&hellip;]<\/p>\n","protected":false},"author":1,"featured_media":0,"parent":0,"menu_order":0,"comment_status":"closed","ping_status":"open","template":"","meta":{"ngg_post_thumbnail":0,"footnotes":""},"class_list":["post-2","page","type-page","status-publish","hentry"],"_links":{"self":[{"href":"https:\/\/www.hradeckych.cz\/en\/wp-json\/wp\/v2\/pages\/2","targetHints":{"allow":["GET"]}}],"collection":[{"href":"https:\/\/www.hradeckych.cz\/en\/wp-json\/wp\/v2\/pages"}],"about":[{"href":"https:\/\/www.hradeckych.cz\/en\/wp-json\/wp\/v2\/types\/page"}],"author":[{"embeddable":true,"href":"https:\/\/www.hradeckych.cz\/en\/wp-json\/wp\/v2\/users\/1"}],"replies":[{"embeddable":true,"href":"https:\/\/www.hradeckych.cz\/en\/wp-json\/wp\/v2\/comments?post=2"}],"version-history":[{"count":76,"href":"https:\/\/www.hradeckych.cz\/en\/wp-json\/wp\/v2\/pages\/2\/revisions"}],"predecessor-version":[{"id":293,"href":"https:\/\/www.hradeckych.cz\/en\/wp-json\/wp\/v2\/pages\/2\/revisions\/293"}],"wp:attachment":[{"href":"https:\/\/www.hradeckych.cz\/en\/wp-json\/wp\/v2\/media?parent=2"}],"curies":[{"name":"wp","href":"https:\/\/api.w.org\/{rel}","templated":true}]}}